{"id":994,"date":"2020-12-28T17:25:38","date_gmt":"2020-12-28T17:25:38","guid":{"rendered":"https:\/\/www.fymseguridad.com\/index.php\/politica-de-cookies\/"},"modified":"2021-01-14T17:33:12","modified_gmt":"2021-01-14T17:33:12","slug":"politica-de-cookies","status":"publish","type":"page","link":"https:\/\/www.fymseguridad.com\/index.php\/politica-de-cookies\/","title":{"rendered":"Pol\u00edtica de Cookies"},"content":{"rendered":"\n<p>En cumplimiento con el art\u00edculo 22 de la Ley 34\/2002, de 11 de julio, de servicios de la sociedad de la informaci\u00f3n y de comercio electr\u00f3nico (LSSI), en relaci\u00f3n con el Reglamento (UE) 2016\/679 del Parlamento Europeo y del Consejo, de 27 de abril de 2016, General de Protecci\u00f3n de Datos (RGPD) y la Ley Org\u00e1nica 3\/2018, de 5 de diciembre, de Protecci\u00f3n de Datos y garant\u00eda de los derechos digitales (LOPDGDD), FYM SEGURIDAD PRIVADA SL pone a disposici\u00f3n de los usuarios la Pol\u00edtica de recogida y tratamiento de cookies del sitio Web.<br>Qu\u00e9 son las Cookies<\/p>\n\n\n\n<p>Una cookie es un fichero que se descarga en tu ordenador al entrar a determinadas p\u00e1ginas web. Las cookies permiten a una p\u00e1gina web, entre otras cosas, almacenar y recuperar informaci\u00f3n sobre tus h\u00e1bitos de navegaci\u00f3n y \u2014dependiendo de la informaci\u00f3n que contengan y de la forma en que utilices tu equipo\u2014 pueden utilizarse para identificarte.<br>Cookies utilizadas en el sitio Web<\/p>\n\n\n\n<p>A continuaci\u00f3n se clasifican las cookies utilizadas por el sitio Web https:\/\/fymseguridad.com<\/p>\n\n\n\n<p>Seg\u00fan la entidad que las gestiona<\/p>\n\n\n\n<pre class=\"wp-block-code\"><code>Cookies propias: Son aquellas enviadas y gestionadas directamente por FYM SEGURIDAD PRIVADA, S.L..\nCookies de terceros: Son aquellas que se env\u00edan al usuario desde un dominio ajeno a FYM SEGURIDAD PRIVADA, S.L..<\/code><\/pre>\n\n\n\n<p>Seg\u00fan su finalidad<\/p>\n\n\n\n<pre class=\"wp-block-code\"><code>Cookies t\u00e9cnicas: Son aquellas que permiten a los usuarios registrados navegar a trav\u00e9s del sitio Web, del \u00e1rea restringida y a utilizar sus diferentes funciones, como por ejemplo, el sistema de comentarios o el buscador.\nCookies de personalizaci\u00f3n: Son aquellas que permiten a los usuarios acceder al Servicio con algunas caracter\u00edsticas de car\u00e1cter general predefinidas en funci\u00f3n de una serie de criterios establecidos por el usuario como, por ejemplo, el idioma o el tipo de navegador a trav\u00e9s del cual se conecta a este sitio Web.\nCookies de an\u00e1lisis o medici\u00f3n: Son aquellas que, bien tratadas por el sitio Web o por terceros, permiten cuantificar el n\u00famero de usuarios y as\u00ed realizar la medici\u00f3n y an\u00e1lisis estad\u00edstico de la utilizaci\u00f3n que hacen los usuarios del sitio Web. Para ello se analiza la navegaci\u00f3n que realizas en este sitio Web con el fin de mejorarlo.\nCookies de publicidad comportamental: Son aquellas que, bien tratadas por el sitio Web o por terceros, almacenan informaci\u00f3n del comportamiento de los usuarios obtenida a trav\u00e9s de la observaci\u00f3n continuada de sus h\u00e1bitos de navegaci\u00f3n, lo que permite desarrollar un perfil espec\u00edfico para mostrar publicidad en funci\u00f3n del mismo.\nCookies sociales: Son establecidas por las plataformas de redes sociales para permitir a los usuarios compartir contenido con sus amigos y redes.<\/code><\/pre>\n\n\n\n<p>Seg\u00fan su duraci\u00f3n<\/p>\n\n\n\n<pre class=\"wp-block-code\"><code>Cookies de sesi\u00f3n: Son aquellas dise\u00f1adas para recabar y almacenar datos mientras el usuario accede al sitio Web.\nCookies persistentes: Son aquellas en las que los datos siguen almacenados en el terminal del usuario y pueden ser accedidos y tratados durante un per\u00edodo definido por el responsable de la cookie.<\/code><\/pre>\n\n\n\n<p>Listado de cookies utilizadas<\/p>\n\n\n\n<p>Este sitio Web puede instalar las siguientes cookies:<\/p>\n\n\n\n<p>Cookies t\u00e9cnicas<\/p>\n\n\n\n<pre class=\"wp-block-code\"><code>wp-settings-{user_id}: Cookie t\u00e9cnica que se usa para mantener la configuraci\u00f3n del usuario en wp-admin. Es persistente y tiene una duraci\u00f3n de 1 a\u00f1o.\nhasConsent: Cookie t\u00e9cnica que almacena el consentimiento del usuario. Es persistente y tiene una duraci\u00f3n de 1 a\u00f1o.<\/code><\/pre>\n\n\n\n<p>Cookies de an\u00e1lisis o medici\u00f3n<\/p>\n\n\n\n<pre class=\"wp-block-code\"><code>_ga: Cookie Anal\u00edtica que habilita la funci\u00f3n de control de visitas \u00fanicas. Es persistente y tiene una duraci\u00f3n de 2 a\u00f1os.\n_gat: Cookie Anal\u00edtica para limitar el n\u00famero de solicitudes. Su \u00e1mbito es la sesi\u00f3n y tiene una duraci\u00f3n de 1 minuto.\n_gid: Cookie Anal\u00edtica para distinguir usuarios. Su \u00e1mbito es la sesi\u00f3n y tiene una duraci\u00f3n de 24 horas.<\/code><\/pre>\n\n\n\n<p>Informaci\u00f3n adicional:<\/p>\n\n\n\n<pre class=\"wp-block-code\"><code>Google Analytics puede instalar otras cookies seg\u00fan el documento Uso de las cookies de Google Analytics en sitios web.\nPara dejar de recibir publicidad personalizada de Google puedes inhabilitar la personalizaci\u00f3n de anuncios mediante la configuraci\u00f3n de anuncios de Google.<\/code><\/pre>\n\n\n\n<p>Cookies de publicidad comportamental<\/p>\n\n\n\n<pre class=\"wp-block-code\"><code>_gads y _gac. Cookies de DoubleClick para medir las interacciones con los anuncios y evitar que te muestre la misma publicidad demasiadas veces. Es persistente y tiene una duraci\u00f3n de 1 a\u00f1o.\nIDE. Cookie para registrar y notificar DoubleClick las acciones del usuario del sitio web cuando este haya visto o haya hecho clic en uno de los anuncios del anunciante, con el objetivo de medir la eficacia y mostrar anuncios publicitarios que se ajusten a sus intereses. Es persistente y tiene una duraci\u00f3n de 1 a\u00f1o.<\/code><\/pre>\n\n\n\n<p>Informaci\u00f3n adicional:<br>Este sitio Web utiliza servicios de \u00abDoubleClick\u00bb que pueden instalar cookies para mostrarte publicidad relacionada con el contenido que te es relevante en base a un perfil elaborado a partir de tus h\u00e1bitos de navegaci\u00f3n, mejorando as\u00ed tu percepci\u00f3n de la calidad del sitio Web.<br>Este sitio Web utiliza servicios de \u00abGoogle Adsense\u00bb que pueden instalar cookies para recopilar informaci\u00f3n con fines estad\u00edsticos y de uso del sitio Web. Las cookies instaladas permiten mejorar la publicidad que encuentras en el sitio Web mostr\u00e1ndote publicidad seg\u00fan el contenido que te es relevante, mejorando as\u00ed tu percepci\u00f3n de la calidad del sitio Web.<\/p>\n\n\n\n<p>Cookies sociales<\/p>\n\n\n\n<pre class=\"wp-block-code\"><code>El sitio Web incluye otras funcionalidades proporcionadas por servicios de terceros y redes sociales para mejorar la experiencia de los visitantes. Puedes compartir el contenido en sus redes sociales como \u00abFacebook\u00bb, \u00abTwitter\u00bb, \u00abInstagram\u00bb, \u00abVimeo\u00bb o \u00abYouTube\u00bb con los botones incluidos a tal efecto o con las herramientas para compartir propias de las redes sociales. Como resultado, estos servicios pueden instalar cookies y utilizarlas para rastrear tu actividad online. No tenemos control directo sobre la informaci\u00f3n recopilada por estas cookies.<\/code><\/pre>\n\n\n\n<p>El sitio Web puede instalar otras cookies:<\/p>\n\n\n\n<p>tk_ai<br>tk_or<br>tk_lr<br>_ga<br>wordpress_test_cookie<br>hasConsent<br>hasConsents<br>wp-settings-*<br>Aceptaci\u00f3n o rechazo de la instalaci\u00f3n de cookies<\/p>\n\n\n\n<p>FYM SEGURIDAD PRIVADA, S.L. muestra informaci\u00f3n sobre su Pol\u00edtica de cookies en el men\u00fa del pie de p\u00e1gina y en el banner de cookies accesible en todas las p\u00e1ginas del Sitio Web. El banner de cookies muestra informaci\u00f3n esencial sobre el tratamiento de datos y permite al usuario realizar las siguientes acciones:<\/p>\n\n\n\n<pre class=\"wp-block-code\"><code>Aceptar o rechazar la instalaci\u00f3n de cookies, o retirar el consentimiento previamente otorgado.\nCambiar las preferencias de cookies desde la p\u00e1gina Personalizar Cookies, a la que puedes acceder desde el Aviso de Cookies.\nObtener informaci\u00f3n adicional sobre la Pol\u00edtica de Cookies desde la p\u00e1gina Pol\u00edtica de cookies. <\/code><\/pre>\n\n\n\n<p>Eliminaci\u00f3n de cookies<\/p>\n\n\n\n<p>Puedes aceptar, bloquear o eliminar las cookies instaladas en tu equipo mediante la configuraci\u00f3n de las opciones del navegador, pero parte del sitio no funcionar\u00e1 correctamente o su calidad puede verse afectada.<\/p>\n\n\n\n<p>En los siguientes enlaces encontrar\u00e1s instrucciones para habilitar o deshabilitar las cookies en los navegadores m\u00e1s comunes.<\/p>\n\n\n\n<pre class=\"wp-block-code\"><code>Firefox http:\/\/support.mozilla.org\/es\/kb\/habilitar-y-deshabilitar-cookies-que-los-sitios-we\nGoogle Chrome https:\/\/support.google.com\/chrome\/answer\/95647?hl=es\nInternet Explorer https:\/\/support.microsoft.com\/es-es\/help\/17442\/windows-internet-explorer-delete-manage-cookies#ie=\"ie-10\"\nMicrosoft Edge https:\/\/support.microsoft.com\/es-es\/help\/4468242\/microsoft-edge-browsing-data-and-privacy\nSafari http:\/\/support.apple.com\/kb\/HT1677?viewlocale=es_ES<\/code><\/pre>\n\n\n\n<p>Tratamiento de Datos Personales<\/p>\n\n\n\n<p>FYM SEGURIDAD PRIVADA, S.L. es el Responsable del tratamiento de los datos personales del usuario. Puedes consultar toda la informaci\u00f3n relativa al tratamiento de datos personales que recoge el Titular en la p\u00e1gina de Pol\u00edtica de Privacidad.<br>Contacto<\/p>\n\n\n\n<p>En caso de que tengas cualquier duda acerca de esta Pol\u00edtica de Cookies o quieras realizar cualquier comentario sobre este sitio Web, puedes enviar un mensaje de correo electr\u00f3nico a la direcci\u00f3n info@fymseguridad.com.<br>Pol\u00edtica de Cookies<\/p>\n\n\n\n<p>En cumplimiento con lo dispuesto en el art\u00edculo 22.2 de la Ley 34\/2002, de 11 de julio, de Servicios de la Sociedad de la Informaci\u00f3n y de Comercio Electr\u00f3nico, el Titular te informa que este sitio Web utiliza cookies, as\u00ed como sobre su pol\u00edtica de recogida y el tratamiento que hace de las mismas.<br>Qu\u00e9 son las cookies<\/p>\n\n\n\n<p>Una cookie es un fichero que se descarga en tu ordenador al entrar a determinadas p\u00e1ginas web. Las cookies permiten a una p\u00e1gina web, entre otras cosas, almacenar y recuperar informaci\u00f3n sobre tus h\u00e1bitos de navegaci\u00f3n y \u2014dependiendo de la informaci\u00f3n que contengan y de la forma en que utilices tu equipo\u2014 pueden utilizarse para identificarte.<br>Tipos de cookies utilizadas<\/p>\n\n\n\n<p>El sitio Web https:\/\/www.fymseguridad.com utiliza los siguientes tipos de cookies:<\/p>\n\n\n\n<pre class=\"wp-block-code\"><code>Cookies de an\u00e1lisis: Son aquellas que, bien tratadas por el sitio Web o por terceros, permiten cuantificar el n\u00famero de usuarios y as\u00ed realizar la medici\u00f3n y an\u00e1lisis estad\u00edstico de la utilizaci\u00f3n que hacen los usuarios del sitio Web. Para ello se analiza la navegaci\u00f3n que realizas en este sitio Web con el fin de mejorarlo.\nCookies t\u00e9cnicas: Son aquellas tratadas por el sitio Web que permiten a los usuarios registrados navegar a trav\u00e9s del \u00e1rea restringida y a utilizar sus diferentes funciones, como por ejemplo, llevar a cabo el proceso de compra de un Producto o Servicio.\nAlgunas cookies son esenciales para el funcionamiento del sitio Web, por ejemplo, el sistema de comentarios o el buscador.\nCookies de personalizaci\u00f3n: Son aquellas que permiten a los usuarios acceder al Servicio con algunas caracter\u00edsticas de car\u00e1cter general predefinidas en funci\u00f3n de una serie de criterios establecidos por el usuario como, por ejemplo, el idioma o el tipo de navegador a trav\u00e9s del cual se conecta a este sitio Web.\nCookies publicitarias: Son aquellas que, bien tratadas por el sitio Web o por terceros, permiten gestionar de la forma m\u00e1s eficaz posible la oferta de los espacios publicitarios existentes en este sitio Web, adecuando el contenido de los anuncios al contenido del servicio solicitado o al uso que realice de este sitio Web.\nEl Titular o terceros pueden analizar tus h\u00e1bitos de navegaci\u00f3n en Internet y mostrarte publicidad relacionada con tu perfil de navegaci\u00f3n.\nCookies de publicidad comportamental: Este tipo de cookies almacenan informaci\u00f3n del comportamiento del usuario \u2014obtenida a trav\u00e9s de la observaci\u00f3n continuada de sus h\u00e1bitos de navegaci\u00f3n\u2014 que permite desarrollar un perfil espec\u00edfico para mostrarle anuncios publicitarios en funci\u00f3n del mismo.<\/code><\/pre>\n\n\n\n<p>Desactivar las cookies<\/p>\n\n\n\n<p>Puedes aceptar, bloquear o eliminar las cookies instaladas en tu equipo mediante la configuraci\u00f3n de las opciones del navegador.<\/p>\n\n\n\n<p>En los siguientes enlaces encontrar\u00e1s instrucciones para habilitar o deshabilitar las cookies en los navegadores m\u00e1s comunes.<\/p>\n\n\n\n<pre class=\"wp-block-code\"><code>Firefox http:\/\/support.mozilla.org\/es\/kb\/habilitar-y-deshabilitar-cookies-que-los-sitios-we\nSafari http:\/\/support.apple.com\/kb\/HT1677?viewlocale=es_ES\nGoogle Chrome https:\/\/support.google.com\/chrome\/answer\/95647?hl=es<\/code><\/pre>\n\n\n\n<p>Cookies de terceros<\/p>\n\n\n\n<p>El sitio Web utiliza los servicios de \u00abGoogle Analytics\u00bb que pueden instalar cookies que sirven para obtener estad\u00edsticas y datos publicitarios.<\/p>\n\n\n\n<p>Este sitio Web utiliza servicios de \u00abDoubleClick\u00bb que pueden instalar cookies para recopilar informaci\u00f3n con fines estad\u00edsticos y de uso del sitio Web. Las cookies instaladas permiten mejorar la publicidad que encuentras en el sitio Web mostr\u00e1ndote publicidad seg\u00fan el contenido que te es relevante, mejorando as\u00ed tu percepci\u00f3n de la calidad del sitio Web.<\/p>\n\n\n\n<p>Este sitio Web utiliza servicios de \u00abGoogle Adsense\u00bb que pueden instalar cookies para recopilar informaci\u00f3n con fines estad\u00edsticos y de uso del sitio Web. Las cookies instaladas permiten mejorar la publicidad que encuentras en el sitio Web mostr\u00e1ndote publicidad seg\u00fan el contenido que te es relevante, mejorando as\u00ed tu percepci\u00f3n de la calidad del sitio Web.<\/p>\n\n\n\n<p>Para dejar de recibir publicidad personalizada de Google puedes inhabilitar la personalizaci\u00f3n de anuncios mediante la configuraci\u00f3n de anuncios de Google.<\/p>\n\n\n\n<p>El sitio Web incluye otras funcionalidades proporcionadas por las redes sociales y que pueden instalar cookies. Puedes compartir el contenido en tus redes sociales como Facebook, Twitter, Google +, Instagram o YouTube con los botones incluidos a tal efecto o con las herramientas para compartir propias de las redes sociales.<br>Advertencia sobre eliminar cookies<\/p>\n\n\n\n<p>Puedes eliminar y bloquear las cookies de este sitio Web, pero parte del sitio no funcionar\u00e1 correctamente o su calidad puede verse afectada.<br>Contacto<\/p>\n\n\n\n<p>En caso de que tengas cualquier duda acerca de esta Pol\u00edtica de Cookies o quieras realizar cualquier comentario sobre este sitio Web, puedes enviar un mensaje de correo electr\u00f3nico a la direcci\u00f3n info@fymseguridad.com.<\/p>\n","protected":false},"excerpt":{"rendered":"<p>En cumplimiento con el art\u00edculo 22 de la Ley 34\/2002, de 11 de julio, de servicios de la sociedad de la informaci\u00f3n y de comercio electr\u00f3nico (LSSI), en relaci\u00f3n con el Reglamento (UE) 2016\/679 del Parlamento Europeo y del Consejo, de 27 de abril de 2016, General de Protecci\u00f3n de Datos (RGPD) y la Ley<\/p>\n","protected":false},"author":1,"featured_media":0,"parent":0,"menu_order":0,"comment_status":"closed","ping_status":"closed","template":"","meta":{"footnotes":""},"class_list":["post-994","page","type-page","status-publish","hentry"],"yoast_head":"<!-- This site is optimized with the Yoast SEO plugin v27.5 - https:\/\/yoast.com\/product\/yoast-seo-wordpress\/ -->\n<title>Pol\u00edtica de Cookies - FYM Seguridad Privada<\/title>\n<meta name=\"description\" content=\"Pol\u00edtica de Cookies\" \/>\n<meta name=\"robots\" content=\"index, follow, max-snippet:-1, max-image-preview:large, max-video-preview:-1\" \/>\n<link rel=\"canonical\" href=\"https:\/\/www.fymseguridad.com\/index.php\/politica-de-cookies\/\" \/>\n<meta property=\"og:locale\" content=\"es_ES\" \/>\n<meta property=\"og:type\" content=\"article\" \/>\n<meta property=\"og:title\" content=\"Pol\u00edtica de Cookies - FYM Seguridad Privada\" \/>\n<meta property=\"og:description\" content=\"Pol\u00edtica de Cookies\" \/>\n<meta property=\"og:url\" content=\"https:\/\/www.fymseguridad.com\/index.php\/politica-de-cookies\/\" \/>\n<meta property=\"og:site_name\" content=\"FYM Seguridad Privada\" \/>\n<meta property=\"article:modified_time\" content=\"2021-01-14T17:33:12+00:00\" \/>\n<meta name=\"twitter:card\" content=\"summary_large_image\" \/>\n<meta name=\"twitter:label1\" content=\"Tiempo de lectura\" \/>\n\t<meta name=\"twitter:data1\" content=\"9 minutos\" \/>\n<script type=\"application\/ld+json\" class=\"yoast-schema-graph\">{\"@context\":\"https:\\\/\\\/schema.org\",\"@graph\":[{\"@type\":\"WebPage\",\"@id\":\"https:\\\/\\\/www.fymseguridad.com\\\/index.php\\\/politica-de-cookies\\\/\",\"url\":\"https:\\\/\\\/www.fymseguridad.com\\\/index.php\\\/politica-de-cookies\\\/\",\"name\":\"Pol\u00edtica de Cookies - FYM Seguridad Privada\",\"isPartOf\":{\"@id\":\"https:\\\/\\\/www.fymseguridad.com\\\/#website\"},\"datePublished\":\"2020-12-28T17:25:38+00:00\",\"dateModified\":\"2021-01-14T17:33:12+00:00\",\"description\":\"Pol\u00edtica de Cookies\",\"inLanguage\":\"es\",\"potentialAction\":[{\"@type\":\"ReadAction\",\"target\":[\"https:\\\/\\\/www.fymseguridad.com\\\/index.php\\\/politica-de-cookies\\\/\"]}]},{\"@type\":\"WebSite\",\"@id\":\"https:\\\/\\\/www.fymseguridad.com\\\/#website\",\"url\":\"https:\\\/\\\/www.fymseguridad.com\\\/\",\"name\":\"FYM Seguridad Privada\",\"description\":\"Just another WordPress site\",\"potentialAction\":[{\"@type\":\"SearchAction\",\"target\":{\"@type\":\"EntryPoint\",\"urlTemplate\":\"https:\\\/\\\/www.fymseguridad.com\\\/?s={search_term_string}\"},\"query-input\":{\"@type\":\"PropertyValueSpecification\",\"valueRequired\":true,\"valueName\":\"search_term_string\"}}],\"inLanguage\":\"es\"}]}<\/script>\n<!-- \/ Yoast SEO plugin. -->","yoast_head_json":{"title":"Pol\u00edtica de Cookies - FYM Seguridad Privada","description":"Pol\u00edtica de Cookies","robots":{"index":"index","follow":"follow","max-snippet":"max-snippet:-1","max-image-preview":"max-image-preview:large","max-video-preview":"max-video-preview:-1"},"canonical":"https:\/\/www.fymseguridad.com\/index.php\/politica-de-cookies\/","og_locale":"es_ES","og_type":"article","og_title":"Pol\u00edtica de Cookies - FYM Seguridad Privada","og_description":"Pol\u00edtica de Cookies","og_url":"https:\/\/www.fymseguridad.com\/index.php\/politica-de-cookies\/","og_site_name":"FYM Seguridad Privada","article_modified_time":"2021-01-14T17:33:12+00:00","twitter_card":"summary_large_image","twitter_misc":{"Tiempo de lectura":"9 minutos"},"schema":{"@context":"https:\/\/schema.org","@graph":[{"@type":"WebPage","@id":"https:\/\/www.fymseguridad.com\/index.php\/politica-de-cookies\/","url":"https:\/\/www.fymseguridad.com\/index.php\/politica-de-cookies\/","name":"Pol\u00edtica de Cookies - FYM Seguridad Privada","isPartOf":{"@id":"https:\/\/www.fymseguridad.com\/#website"},"datePublished":"2020-12-28T17:25:38+00:00","dateModified":"2021-01-14T17:33:12+00:00","description":"Pol\u00edtica de Cookies","inLanguage":"es","potentialAction":[{"@type":"ReadAction","target":["https:\/\/www.fymseguridad.com\/index.php\/politica-de-cookies\/"]}]},{"@type":"WebSite","@id":"https:\/\/www.fymseguridad.com\/#website","url":"https:\/\/www.fymseguridad.com\/","name":"FYM Seguridad Privada","description":"Just another WordPress site","potentialAction":[{"@type":"SearchAction","target":{"@type":"EntryPoint","urlTemplate":"https:\/\/www.fymseguridad.com\/?s={search_term_string}"},"query-input":{"@type":"PropertyValueSpecification","valueRequired":true,"valueName":"search_term_string"}}],"inLanguage":"es"}]}},"_links":{"self":[{"href":"https:\/\/www.fymseguridad.com\/index.php\/wp-json\/wp\/v2\/pages\/994","targetHints":{"allow":["GET"]}}],"collection":[{"href":"https:\/\/www.fymseguridad.com\/index.php\/wp-json\/wp\/v2\/pages"}],"about":[{"href":"https:\/\/www.fymseguridad.com\/index.php\/wp-json\/wp\/v2\/types\/page"}],"author":[{"embeddable":true,"href":"https:\/\/www.fymseguridad.com\/index.php\/wp-json\/wp\/v2\/users\/1"}],"replies":[{"embeddable":true,"href":"https:\/\/www.fymseguridad.com\/index.php\/wp-json\/wp\/v2\/comments?post=994"}],"version-history":[{"count":1,"href":"https:\/\/www.fymseguridad.com\/index.php\/wp-json\/wp\/v2\/pages\/994\/revisions"}],"predecessor-version":[{"id":997,"href":"https:\/\/www.fymseguridad.com\/index.php\/wp-json\/wp\/v2\/pages\/994\/revisions\/997"}],"wp:attachment":[{"href":"https:\/\/www.fymseguridad.com\/index.php\/wp-json\/wp\/v2\/media?parent=994"}],"curies":[{"name":"wp","href":"https:\/\/api.w.org\/{rel}","templated":true}]}}