{"id":675,"date":"2020-12-28T16:08:53","date_gmt":"2020-12-28T16:08:53","guid":{"rendered":"http:\/\/secpl2.secretlab.pw\/?page_id=675"},"modified":"2021-09-21T06:26:49","modified_gmt":"2021-09-21T06:26:49","slug":"descargas","status":"publish","type":"page","link":"https:\/\/www.fymseguridad.com\/index.php\/descargas\/","title":{"rendered":"Descargas"},"content":{"rendered":"<p>[vc_row][vc_column width=&#8221;1\/3&#8243;][vc_single_image image=&#8221;964&#8243; img_size=&#8221;full&#8221;][\/vc_column][vc_column width=&#8221;1\/3&#8243;][vc_custom_heading text=&#8221;DSS Professional&#8221; font_container=&#8221;tag:h5|text_align:left|color:%23df6819&#8243;][vc_custom_heading text=&#8221;Centro de Gesti\u00f3n de Videovigilancia&#8221; font_container=&#8221;tag:h6|text_align:left&#8221;][\/vc_column][vc_column width=&#8221;1\/3&#8243;][vc_custom_heading text=&#8221;Descargue la versi\u00f3n que necesite&#8221; font_container=&#8221;tag:h6|text_align:left&#8221;][vc_column_text]<\/p>\n<div class=\"grid_13\">\n<dl>\n<dt>Nuevo dise\u00f1o de f\u00e1cil uso<\/dt>\n<dd>Basado en Windows OS o MAC OS<\/dd>\n<dd>El nuevo dise\u00f1o de la interface hace que usar DSS sea m\u00e1s f\u00e1cil<\/dd>\n<dt>Gran Compatibilidad<\/dt>\n<dd>Servicios incluidos: c\u00e1maras en red, Speed Dome, NVR, DVR, etc.<\/dd>\n<dd>Conecte dispositivos Third Party con el protocolo est\u00e1ndar ONVIF.<\/dd>\n<\/dl>\n<\/div>\n<p>[\/vc_column_text][vc_column_text]<\/p>\n<ul class=\"list1 p2\">\n<li><a href=\"https:\/\/www.fymseguridad.com\/descargas\/FYM_SEGURIDAD_Windows_Ver\n_2.02.1R.zip\">FYM para Windows<\/a><\/li>\n<li><a href=\"https:\/\/www.fymseguridad.com\/descargas\/FYM_SEGURIDAD_MAC_Version_ V2.003.00.zip\">FYM para Mac<\/a><\/li>\n<li><a href=\"https:\/\/www.fymseguridad.com\/descargas\/easyview-installer.msi\">Visor<\/a><\/li>\n<\/ul>\n<p>[\/vc_column_text][\/vc_column][\/vc_row]<\/p>\n","protected":false},"excerpt":{"rendered":"<p>[vc_row][vc_column width=&#8221;1\/3&#8243;][vc_single_image image=&#8221;964&#8243; img_size=&#8221;full&#8221;][\/vc_column][vc_column width=&#8221;1\/3&#8243;][vc_custom_heading text=&#8221;DSS Professional&#8221; font_container=&#8221;tag:h5|text_align:left|color:%23df6819&#8243;][vc_custom_heading text=&#8221;Centro de Gesti\u00f3n de Videovigilancia&#8221; font_container=&#8221;tag:h6|text_align:left&#8221;][\/vc_column][vc_column width=&#8221;1\/3&#8243;][vc_custom_heading text=&#8221;Descargue la versi\u00f3n que necesite&#8221; font_container=&#8221;tag:h6|text_align:left&#8221;][vc_column_text] Nuevo dise\u00f1o de f\u00e1cil uso Basado en Windows OS o MAC OS El nuevo dise\u00f1o de la interface hace que usar DSS sea m\u00e1s f\u00e1cil Gran Compatibilidad Servicios incluidos: c\u00e1maras en red, Speed Dome,<\/p>\n","protected":false},"author":1,"featured_media":0,"parent":0,"menu_order":0,"comment_status":"closed","ping_status":"closed","template":"","meta":{"footnotes":""},"class_list":["post-675","page","type-page","status-publish","hentry"],"yoast_head":"<!-- This site is optimized with the Yoast SEO plugin v27.4 - https:\/\/yoast.com\/product\/yoast-seo-wordpress\/ -->\n<title>Descargas - FYM Seguridad Privada<\/title>\n<meta name=\"description\" content=\"Descargas\" \/>\n<meta name=\"robots\" content=\"index, follow, max-snippet:-1, max-image-preview:large, max-video-preview:-1\" \/>\n<link rel=\"canonical\" href=\"https:\/\/www.fymseguridad.com\/index.php\/descargas\/\" \/>\n<meta property=\"og:locale\" content=\"es_ES\" \/>\n<meta property=\"og:type\" content=\"article\" \/>\n<meta property=\"og:title\" content=\"Descargas - FYM Seguridad Privada\" \/>\n<meta property=\"og:description\" content=\"Descargas\" \/>\n<meta property=\"og:url\" content=\"https:\/\/www.fymseguridad.com\/index.php\/descargas\/\" \/>\n<meta property=\"og:site_name\" content=\"FYM Seguridad Privada\" \/>\n<meta property=\"article:modified_time\" content=\"2021-09-21T06:26:49+00:00\" \/>\n<meta name=\"twitter:card\" content=\"summary_large_image\" \/>\n<meta name=\"twitter:label1\" content=\"Tiempo de lectura\" \/>\n\t<meta name=\"twitter:data1\" content=\"1 minuto\" \/>\n<script type=\"application\/ld+json\" class=\"yoast-schema-graph\">{\"@context\":\"https:\\\/\\\/schema.org\",\"@graph\":[{\"@type\":\"WebPage\",\"@id\":\"https:\\\/\\\/www.fymseguridad.com\\\/index.php\\\/descargas\\\/\",\"url\":\"https:\\\/\\\/www.fymseguridad.com\\\/index.php\\\/descargas\\\/\",\"name\":\"Descargas - FYM Seguridad Privada\",\"isPartOf\":{\"@id\":\"https:\\\/\\\/www.fymseguridad.com\\\/#website\"},\"datePublished\":\"2020-12-28T16:08:53+00:00\",\"dateModified\":\"2021-09-21T06:26:49+00:00\",\"description\":\"Descargas\",\"inLanguage\":\"es\",\"potentialAction\":[{\"@type\":\"ReadAction\",\"target\":[\"https:\\\/\\\/www.fymseguridad.com\\\/index.php\\\/descargas\\\/\"]}]},{\"@type\":\"WebSite\",\"@id\":\"https:\\\/\\\/www.fymseguridad.com\\\/#website\",\"url\":\"https:\\\/\\\/www.fymseguridad.com\\\/\",\"name\":\"FYM Seguridad Privada\",\"description\":\"Just another WordPress site\",\"potentialAction\":[{\"@type\":\"SearchAction\",\"target\":{\"@type\":\"EntryPoint\",\"urlTemplate\":\"https:\\\/\\\/www.fymseguridad.com\\\/?s={search_term_string}\"},\"query-input\":{\"@type\":\"PropertyValueSpecification\",\"valueRequired\":true,\"valueName\":\"search_term_string\"}}],\"inLanguage\":\"es\"}]}<\/script>\n<!-- \/ Yoast SEO plugin. -->","yoast_head_json":{"title":"Descargas - FYM Seguridad Privada","description":"Descargas","robots":{"index":"index","follow":"follow","max-snippet":"max-snippet:-1","max-image-preview":"max-image-preview:large","max-video-preview":"max-video-preview:-1"},"canonical":"https:\/\/www.fymseguridad.com\/index.php\/descargas\/","og_locale":"es_ES","og_type":"article","og_title":"Descargas - FYM Seguridad Privada","og_description":"Descargas","og_url":"https:\/\/www.fymseguridad.com\/index.php\/descargas\/","og_site_name":"FYM Seguridad Privada","article_modified_time":"2021-09-21T06:26:49+00:00","twitter_card":"summary_large_image","twitter_misc":{"Tiempo de lectura":"1 minuto"},"schema":{"@context":"https:\/\/schema.org","@graph":[{"@type":"WebPage","@id":"https:\/\/www.fymseguridad.com\/index.php\/descargas\/","url":"https:\/\/www.fymseguridad.com\/index.php\/descargas\/","name":"Descargas - FYM Seguridad Privada","isPartOf":{"@id":"https:\/\/www.fymseguridad.com\/#website"},"datePublished":"2020-12-28T16:08:53+00:00","dateModified":"2021-09-21T06:26:49+00:00","description":"Descargas","inLanguage":"es","potentialAction":[{"@type":"ReadAction","target":["https:\/\/www.fymseguridad.com\/index.php\/descargas\/"]}]},{"@type":"WebSite","@id":"https:\/\/www.fymseguridad.com\/#website","url":"https:\/\/www.fymseguridad.com\/","name":"FYM Seguridad Privada","description":"Just another WordPress site","potentialAction":[{"@type":"SearchAction","target":{"@type":"EntryPoint","urlTemplate":"https:\/\/www.fymseguridad.com\/?s={search_term_string}"},"query-input":{"@type":"PropertyValueSpecification","valueRequired":true,"valueName":"search_term_string"}}],"inLanguage":"es"}]}},"_links":{"self":[{"href":"https:\/\/www.fymseguridad.com\/index.php\/wp-json\/wp\/v2\/pages\/675","targetHints":{"allow":["GET"]}}],"collection":[{"href":"https:\/\/www.fymseguridad.com\/index.php\/wp-json\/wp\/v2\/pages"}],"about":[{"href":"https:\/\/www.fymseguridad.com\/index.php\/wp-json\/wp\/v2\/types\/page"}],"author":[{"embeddable":true,"href":"https:\/\/www.fymseguridad.com\/index.php\/wp-json\/wp\/v2\/users\/1"}],"replies":[{"embeddable":true,"href":"https:\/\/www.fymseguridad.com\/index.php\/wp-json\/wp\/v2\/comments?post=675"}],"version-history":[{"count":11,"href":"https:\/\/www.fymseguridad.com\/index.php\/wp-json\/wp\/v2\/pages\/675\/revisions"}],"predecessor-version":[{"id":1100,"href":"https:\/\/www.fymseguridad.com\/index.php\/wp-json\/wp\/v2\/pages\/675\/revisions\/1100"}],"wp:attachment":[{"href":"https:\/\/www.fymseguridad.com\/index.php\/wp-json\/wp\/v2\/media?parent=675"}],"curies":[{"name":"wp","href":"https:\/\/api.w.org\/{rel}","templated":true}]}}